{"id":49,"date":"2024-08-20T17:20:48","date_gmt":"2024-08-20T15:20:48","guid":{"rendered":"https:\/\/www.labordure.fr\/?page_id=49"},"modified":"2024-10-06T23:09:40","modified_gmt":"2024-10-06T21:09:40","slug":"homme-trainer","status":"publish","type":"page","link":"https:\/\/www.labordure.fr\/index.php\/homme-trainer\/","title":{"rendered":"Homme Trainer"},"content":{"rendered":"\t\t<div data-elementor-type=\"wp-page\" data-elementor-id=\"49\" class=\"elementor elementor-49\" data-elementor-post-type=\"page\">\n\t\t\t\t<div class=\"elementor-element elementor-element-e10391a e-con-full e-flex e-con e-parent\" data-id=\"e10391a\" data-element_type=\"container\" data-e-type=\"container\" data-settings=\"{&quot;background_background&quot;:&quot;classic&quot;}\">\n\t\t\t\t<div class=\"elementor-element elementor-element-182b74e elementor-widget elementor-widget-spacer\" data-id=\"182b74e\" data-element_type=\"widget\" data-e-type=\"widget\" data-widget_type=\"spacer.default\">\n\t\t\t\t<div class=\"elementor-widget-container\">\n\t\t\t\t\t\t\t<div class=\"elementor-spacer\">\n\t\t\t<div class=\"elementor-spacer-inner\"><\/div>\n\t\t<\/div>\n\t\t\t\t\t\t<\/div>\n\t\t\t\t<\/div>\n\t\t\t\t<div class=\"elementor-element elementor-element-20492c2 elementor-widget elementor-widget-heading\" data-id=\"20492c2\" data-element_type=\"widget\" data-e-type=\"widget\" data-widget_type=\"heading.default\">\n\t\t\t\t<div class=\"elementor-widget-container\">\n\t\t\t\t\t<h3 class=\"elementor-heading-title elementor-size-default\">Un film de Florian Pigeon<\/h3>\t\t\t\t<\/div>\n\t\t\t\t<\/div>\n\t\t\t\t<div class=\"elementor-element elementor-element-2090056 e-transform elementor-widget__width-initial elementor-widget elementor-widget-video\" data-id=\"2090056\" data-element_type=\"widget\" data-e-type=\"widget\" data-settings=\"{&quot;youtube_url&quot;:&quot;https:\\\/\\\/youtu.be\\\/sbm3v3uMuso?si=17aGgl-hwzWbpDtC&quot;,&quot;_transform_scale_effect&quot;:{&quot;unit&quot;:&quot;px&quot;,&quot;size&quot;:0,&quot;sizes&quot;:[]},&quot;video_type&quot;:&quot;youtube&quot;,&quot;controls&quot;:&quot;yes&quot;,&quot;_transform_scale_effect_tablet&quot;:{&quot;unit&quot;:&quot;px&quot;,&quot;size&quot;:&quot;&quot;,&quot;sizes&quot;:[]},&quot;_transform_scale_effect_mobile&quot;:{&quot;unit&quot;:&quot;px&quot;,&quot;size&quot;:&quot;&quot;,&quot;sizes&quot;:[]}}\" data-widget_type=\"video.default\">\n\t\t\t\t<div class=\"elementor-widget-container\">\n\t\t\t\t\t\t\t<div class=\"elementor-wrapper elementor-open-inline\">\n\t\t\t<div class=\"elementor-video\"><\/div>\t\t<\/div>\n\t\t\t\t\t\t<\/div>\n\t\t\t\t<\/div>\n\t\t\t\t<\/div>\n\t\t<div class=\"elementor-element elementor-element-dfb5f28 e-flex e-con-boxed e-con e-parent\" data-id=\"dfb5f28\" data-element_type=\"container\" data-e-type=\"container\">\n\t\t\t\t\t<div class=\"e-con-inner\">\n\t\t\t\t<div class=\"elementor-element elementor-element-4095b04 elementor-widget elementor-widget-text-editor\" data-id=\"4095b04\" data-element_type=\"widget\" data-e-type=\"widget\" data-widget_type=\"text-editor.default\">\n\t\t\t\t<div class=\"elementor-widget-container\">\n\t\t\t\t\t\t\t\t\t<p><strong>\u00catre pro en s&rsquo;entrainant exclusivement sur home trainer : science-fiction ou approche scientifique de la course dans les ann\u00e9es \u00e0 venir ? <\/strong><\/p>\n<p><strong>Pour Antoine Berlin, 30 ans, c&rsquo;est la vie au pr\u00e9sent. Matin, midi et soir, le n\u00e9o-pro transpire sur son v\u00e9lo d&rsquo;appartement, t\u00eate baiss\u00e9e, le parquet en guise de route et le vis-\u00e0-vis des immeubles comme horizon. Entre chaque session, Antoine troque le maillot de l&rsquo;\u00e9quipe continentale \u00ab\u00a0Global 6 Cycling\u00a0\u00bb contre une chemise en popeline pour une visio-conf\u00e9rence avec ses coll\u00e8gues. Car Antoine cultive deux vies : cycliste professionnel et responsable commercial chez ASO. De cette impossibilit\u00e9 \u00e0 choisir entre la passion et la raison, il a cr\u00e9\u00e9 son type de coureur : ni sprinteur ni grimpeur, mais \u00ab\u00a0homme traineur\u00a0\u00bb. Un d\u00e9fi surr\u00e9aliste mais aussi m\u00e9thodique dans lequel cet ancien athl\u00e8te, enferm\u00e9 dans la souffrance, le sacrifice et la solitude du huit clos de son appartement, projette ses futurs courses contre les champions des grands espaces, comme Nairo Quintana ou Benoit Cosnefroy.<\/strong><\/p>\t\t\t\t\t\t\t\t<\/div>\n\t\t\t\t<\/div>\n\t\t\t\t\t<\/div>\n\t\t\t\t<\/div>\n\t\t\t\t<\/div>\n\t\t","protected":false},"excerpt":{"rendered":"<p>Un film de Florian Pigeon https:\/\/youtu.be\/sbm3v3uMuso?si=17aGgl-hwzWbpDtC \u00catre pro en s&rsquo;entrainant exclusivement sur home trainer : science-fiction ou approche scientifique de [&hellip;]<\/p>\n","protected":false},"author":1,"featured_media":0,"parent":0,"menu_order":0,"comment_status":"closed","ping_status":"closed","template":"","meta":{"site-sidebar-layout":"default","site-content-layout":"","ast-site-content-layout":"default","site-content-style":"default","site-sidebar-style":"default","ast-global-header-display":"","ast-banner-title-visibility":"","ast-main-header-display":"","ast-hfb-above-header-display":"","ast-hfb-below-header-display":"","ast-hfb-mobile-header-display":"","site-post-title":"disabled","ast-breadcrumbs-content":"","ast-featured-img":"","footer-sml-layout":"","ast-disable-related-posts":"","theme-transparent-header-meta":"","adv-header-id-meta":"","stick-header-meta":"","header-above-stick-meta":"","header-main-stick-meta":"","header-below-stick-meta":"","astra-migrate-meta-layouts":"default","ast-page-background-enabled":"default","ast-page-background-meta":{"desktop":{"background-color":"var(--ast-global-color-4)","background-image":"","background-repeat":"repeat","background-position":"center center","background-size":"auto","background-attachment":"scroll","background-type":"","background-media":"","overlay-type":"","overlay-color":"","overlay-opacity":"","overlay-gradient":""},"tablet":{"background-color":"","background-image":"","background-repeat":"repeat","background-position":"center center","background-size":"auto","background-attachment":"scroll","background-type":"","background-media":"","overlay-type":"","overlay-color":"","overlay-opacity":"","overlay-gradient":""},"mobile":{"background-color":"","background-image":"","background-repeat":"repeat","background-position":"center center","background-size":"auto","background-attachment":"scroll","background-type":"","background-media":"","overlay-type":"","overlay-color":"","overlay-opacity":"","overlay-gradient":""}},"ast-content-background-meta":{"desktop":{"background-color":"var(--ast-global-color-5)","background-image":"","background-repeat":"repeat","background-position":"center center","background-size":"auto","background-attachment":"scroll","background-type":"","background-media":"","overlay-type":"","overlay-color":"","overlay-opacity":"","overlay-gradient":""},"tablet":{"background-color":"var(--ast-global-color-5)","background-image":"","background-repeat":"repeat","background-position":"center center","background-size":"auto","background-attachment":"scroll","background-type":"","background-media":"","overlay-type":"","overlay-color":"","overlay-opacity":"","overlay-gradient":""},"mobile":{"background-color":"var(--ast-global-color-5)","background-image":"","background-repeat":"repeat","background-position":"center center","background-size":"auto","background-attachment":"scroll","background-type":"","background-media":"","overlay-type":"","overlay-color":"","overlay-opacity":"","overlay-gradient":""}},"footnotes":""},"class_list":["post-49","page","type-page","status-publish","hentry"],"_links":{"self":[{"href":"https:\/\/www.labordure.fr\/index.php\/wp-json\/wp\/v2\/pages\/49","targetHints":{"allow":["GET"]}}],"collection":[{"href":"https:\/\/www.labordure.fr\/index.php\/wp-json\/wp\/v2\/pages"}],"about":[{"href":"https:\/\/www.labordure.fr\/index.php\/wp-json\/wp\/v2\/types\/page"}],"author":[{"embeddable":true,"href":"https:\/\/www.labordure.fr\/index.php\/wp-json\/wp\/v2\/users\/1"}],"replies":[{"embeddable":true,"href":"https:\/\/www.labordure.fr\/index.php\/wp-json\/wp\/v2\/comments?post=49"}],"version-history":[{"count":49,"href":"https:\/\/www.labordure.fr\/index.php\/wp-json\/wp\/v2\/pages\/49\/revisions"}],"predecessor-version":[{"id":318,"href":"https:\/\/www.labordure.fr\/index.php\/wp-json\/wp\/v2\/pages\/49\/revisions\/318"}],"wp:attachment":[{"href":"https:\/\/www.labordure.fr\/index.php\/wp-json\/wp\/v2\/media?parent=49"}],"curies":[{"name":"wp","href":"https:\/\/api.w.org\/{rel}","templated":true}]}}