{"id":211,"date":"2024-09-30T18:49:35","date_gmt":"2024-09-30T16:49:35","guid":{"rendered":"https:\/\/www.labordure.fr\/?page_id=211"},"modified":"2025-09-17T00:15:58","modified_gmt":"2025-09-16T22:15:58","slug":"demain-ca-rentre","status":"publish","type":"page","link":"https:\/\/www.labordure.fr\/index.php\/demain-ca-rentre\/","title":{"rendered":"Demain \u00e7a rentre !"},"content":{"rendered":"\t\t<div data-elementor-type=\"wp-page\" data-elementor-id=\"211\" class=\"elementor elementor-211\" data-elementor-post-type=\"page\">\n\t\t\t\t<div class=\"elementor-element elementor-element-07a218c e-flex e-con-boxed e-con e-parent\" data-id=\"07a218c\" data-element_type=\"container\" data-e-type=\"container\">\n\t\t\t\t\t<div class=\"e-con-inner\">\n\t\t<div class=\"elementor-element elementor-element-c33163e e-con-full e-grid e-con e-child\" data-id=\"c33163e\" data-element_type=\"container\" data-e-type=\"container\">\n\t\t\t\t<div class=\"elementor-element elementor-element-9bc8ed4 elementor-widget elementor-widget-image\" data-id=\"9bc8ed4\" data-element_type=\"widget\" data-e-type=\"widget\" data-widget_type=\"image.default\">\n\t\t\t\t<div class=\"elementor-widget-container\">\n\t\t\t\t\t\t\t\t\t\t\t\t\t\t\t<img loading=\"lazy\" decoding=\"async\" width=\"727\" height=\"1024\" src=\"https:\/\/www.labordure.fr\/wp-content\/uploads\/2024\/11\/affiche-Bordure-Demain-ca-rentre-A3-Reseaux-sociaux-727x1024.png\" class=\"attachment-large size-large wp-image-710\" alt=\"\" srcset=\"https:\/\/www.labordure.fr\/wp-content\/uploads\/2024\/11\/affiche-Bordure-Demain-ca-rentre-A3-Reseaux-sociaux-727x1024.png 727w, https:\/\/www.labordure.fr\/wp-content\/uploads\/2024\/11\/affiche-Bordure-Demain-ca-rentre-A3-Reseaux-sociaux-213x300.png 213w, https:\/\/www.labordure.fr\/wp-content\/uploads\/2024\/11\/affiche-Bordure-Demain-ca-rentre-A3-Reseaux-sociaux-768x1082.png 768w, https:\/\/www.labordure.fr\/wp-content\/uploads\/2024\/11\/affiche-Bordure-Demain-ca-rentre-A3-Reseaux-sociaux-1090x1536.png 1090w, https:\/\/www.labordure.fr\/wp-content\/uploads\/2024\/11\/affiche-Bordure-Demain-ca-rentre-A3-Reseaux-sociaux-1453x2048.png 1453w, https:\/\/www.labordure.fr\/wp-content\/uploads\/2024\/11\/affiche-Bordure-Demain-ca-rentre-A3-Reseaux-sociaux.png 1784w\" sizes=\"auto, (max-width: 727px) 100vw, 727px\" \/>\t\t\t\t\t\t\t\t\t\t\t\t\t\t\t<\/div>\n\t\t\t\t<\/div>\n\t\t<div class=\"elementor-element elementor-element-81622de e-con-full e-grid e-con e-child\" data-id=\"81622de\" data-element_type=\"container\" data-e-type=\"container\">\n\t\t<div class=\"elementor-element elementor-element-46e98f8 e-con-full e-flex e-con e-child\" data-id=\"46e98f8\" data-element_type=\"container\" data-e-type=\"container\">\n\t\t\t\t<div class=\"elementor-element elementor-element-dc6dd85 e-n-tabs-mobile elementor-widget elementor-widget-n-tabs\" data-id=\"dc6dd85\" data-element_type=\"widget\" data-e-type=\"widget\" data-settings=\"{&quot;tabs_justify_horizontal&quot;:&quot;stretch&quot;,&quot;horizontal_scroll&quot;:&quot;disable&quot;}\" data-widget_type=\"nested-tabs.default\">\n\t\t\t\t<div class=\"elementor-widget-container\">\n\t\t\t\t\t\t\t<div class=\"e-n-tabs\" data-widget-number=\"231136645\" aria-label=\"Onglets. Ouvrez des \u00e9l\u00e9ments avec Entrer ou Espace, fermez-les avec Echape et naviguez \u00e0 l&#039;aide des touches fl\u00e9ch\u00e9es.\">\n\t\t\t<div class=\"e-n-tabs-heading\" role=\"tablist\">\n\t\t\t\t\t<button id=\"e-n-tab-title-2311366451\" data-tab-title-id=\"e-n-tab-title-2311366451\" class=\"e-n-tab-title\" aria-selected=\"true\" data-tab-index=\"1\" role=\"tab\" tabindex=\"0\" aria-controls=\"e-n-tab-content-2311366451\" style=\"--n-tabs-title-order: 1;\">\n\t\t\t\t\t\t<span class=\"e-n-tab-title-text\">\n\t\t\t\tPr\u00e9sentation du Film\t\t\t<\/span>\n\t\t<\/button>\n\t\t\t\t<button id=\"e-n-tab-title-2311366452\" data-tab-title-id=\"e-n-tab-title-2311366452\" class=\"e-n-tab-title\" aria-selected=\"false\" data-tab-index=\"2\" role=\"tab\" tabindex=\"-1\" aria-controls=\"e-n-tab-content-2311366452\" style=\"--n-tabs-title-order: 2;\">\n\t\t\t\t\t\t<span class=\"e-n-tab-title-text\">\n\t\t\t\tProjections\t\t\t<\/span>\n\t\t<\/button>\n\t\t\t\t\t<\/div>\n\t\t\t<div class=\"e-n-tabs-content\">\n\t\t\t\t<div id=\"e-n-tab-content-2311366451\" role=\"tabpanel\" aria-labelledby=\"e-n-tab-title-2311366451\" data-tab-index=\"1\" style=\"--n-tabs-title-order: 1;\" class=\"e-active elementor-element elementor-element-8bb277c e-con-full e-flex e-con e-child\" data-id=\"8bb277c\" data-element_type=\"container\" data-e-type=\"container\">\n\t\t\t\t<div class=\"elementor-element elementor-element-98a8187 elementor-widget elementor-widget-text-editor\" data-id=\"98a8187\" data-element_type=\"widget\" data-e-type=\"widget\" data-widget_type=\"text-editor.default\">\n\t\t\t\t<div class=\"elementor-widget-container\">\n\t\t\t\t\t\t\t\t\t<div class=\"page\" title=\"Page 3\"><div class=\"section\"><div class=\"layoutArea\"><div class=\"column\"><p><a href=\"http:\/\/www.labordure.fr\/wp-content\/uploads\/2024\/11\/Demain-Ca-Rentre-Le-Film-Dossier-De-Presse-2024.pdf\"><span style=\"text-decoration: underline;\"><em>T\u00e9l\u00e9charger le dossier de presse<\/em><\/span><\/a><\/p><p>Surfer en Me\u0301diterrane\u0301e, c\u2019est accepter un autre rapport au temps.<br \/>C\u2019est travailler la patience et c\u2019est, au final, retrouver son a\u0302me d\u2019enfant.<br \/>Car oui, en me\u0301dite\u0301rranne\u0301e, il y a moins de vagues que dans le Sud-ouest,<br \/>mais quand c\u0327a rentre&#8230; Thomas, Yann, Christophe et JD oublient tout et laissent tout derrie\u0300re eux pour se retrouver a\u0300 l\u2019eau !<\/p><p>Il y a <strong>Christophe<\/strong>, le poe\u0300te qui note toutes les sessions sur son ordinateur.<br \/><strong>JD<\/strong> le (faux?) sage qui, d\u2019apre\u0300s la le\u0301gende, fait monter la houle lorsqu\u2019il se met a\u0300 l\u2019eau. <strong>Thomas<\/strong>, l\u2019e\u0301picurien, qui se re\u0301veille avant tout le monde pour aller checker les vagues avant de retrouver la cuisine de son restaurant,<br \/>et <strong>Yann<\/strong>, l\u2019homme au foyer qui doit composer avec la vie de famille avant les vagues ! A eux quatre, ils vont nous faire de\u0301couvrir une autre approche du surf, plus poe\u0301tique, plus sobre et philosophique, bien au-dela\u0300 des cliche\u0301s qu\u2019on lui connait.<\/p><p>Bonne session !<\/p><\/div><\/div><\/div><\/div>\t\t\t\t\t\t\t\t<\/div>\n\t\t\t\t<\/div>\n\t\t\t\t<\/div>\n\t\t<div id=\"e-n-tab-content-2311366452\" role=\"tabpanel\" aria-labelledby=\"e-n-tab-title-2311366452\" data-tab-index=\"2\" style=\"--n-tabs-title-order: 2;\" class=\" elementor-element elementor-element-0b2e9ab e-con-full e-flex e-con e-child\" data-id=\"0b2e9ab\" data-element_type=\"container\" data-e-type=\"container\">\n\t\t<div class=\"elementor-element elementor-element-d369d9d e-con-full e-flex e-con e-child\" data-id=\"d369d9d\" data-element_type=\"container\" data-e-type=\"container\">\n\t\t\t\t<div class=\"elementor-element elementor-element-5f7369e elementor-widget__width-inherit elementor-widget elementor-widget-text-editor\" data-id=\"5f7369e\" data-element_type=\"widget\" data-e-type=\"widget\" data-widget_type=\"text-editor.default\">\n\t\t\t\t<div class=\"elementor-widget-container\">\n\t\t\t\t\t\t\t\t\t<ul><li>22 Novembre 2024 \u00e0 <strong>ANTIBES<\/strong>\u00a0 \u00a0 \u00a0 \u00a0 \u00a0 \u00a0 \u00a0 20h30 cin\u00e9ma <strong>Le Casino<\/strong><\/li><li>29 Novembre 2024 \u00e0 <strong>ANTIBES<\/strong>\u00a0 \u00a0 \u00a0 \u00a0 \u00a0 \u00a0 \u00a0 20h30 cin\u00e9ma <strong>Le Casino<\/strong><\/li><li>30 Novembre 2024 \u00e0 <strong>FREJUS\u00a0 \u00a0 \u00a0 \u00a0 \u00a0 \u00a0 \u00a0 \u00a0 \u00a0<\/strong>20h45 cin\u00e9ma <strong>Le Vox<\/strong><\/li><li>6 D\u00e9cembre 2024 \u00e0 <strong>ANTIBES<\/strong>\u00a0 \u00a0 \u00a0 \u00a0 \u00a0 \u00a0 \u00a0 \u00a0 \u00a020h30 cin\u00e9ma <strong>Le Casino<\/strong><\/li><li>29 D\u00e9cembre 2024 \u00e0 <strong>ANTIBES<\/strong>\u00a0 \u00a0 \u00a0 \u00a0 \u00a0 \u00a0 \u00a0 18h30 cin\u00e9ma <strong>Le Casino<\/strong><\/li><li>18 Janvier 2025 \u00e0 <strong>CANNES<\/strong>\u00a0 \u00a0 \u00a0 \u00a0 \u00a0 \u00a0 \u00a0 \u00a0 \u00a0 \u00a0 19h00 cin\u00e9ma <strong>OLYMPIA<\/strong><\/li><li>24 Janvier 2025 \u00e0 <strong>ANTIBES\u00a0 \u00a0 \u00a0 \u00a0 \u00a0 \u00a0 \u00a0 \u00a0 \u00a0 \u00a0<\/strong>18h30<strong> M\u00e9diath\u00e8que Albert Camus<\/strong><\/li><li>21 F\u00e9vrier 2025 \u00e0 <strong>Isola 2000<\/strong><\/li><li>22 F\u00e9vrier 2025 \u00e0 <strong>La foux d&rsquo;Allos\u00a0 \u00a0<\/strong>cin\u00e9ma <strong>l&rsquo;Aiguille<\/strong><\/li><li>4 Avril 2025 \u00e0 <strong>Six-Fours\u00a0 \u00a0 \u00a0 \u00a0 \u00a0 \u00a0 \u00a0 \u00a0 \u00a0 \u00a0 \u00a0 \u00a0<\/strong>cin\u00e9ma <strong>SIX N&rsquo;ETOILES<\/strong><\/li><li>18 Avril 2025 <strong>GWIDEL<\/strong>\u00a0 \u00a0 \u00a0 \u00a0 \u00a0 \u00a0 \u00a0 \u00a0 \u00a0 \u00a0 \u00a0 \u00a0 \u00a0 \u00a0 \u00a0<strong>GWIDEL LOG FEST\u00a0 <\/strong>(<a href=\"https:\/\/www.instagram.com\/gwidellogfest\/?hl=fr\">+infos<\/a>)<\/li><li>7 &#8211; 10 Mai 2025 <strong>BREST\u00a0 <\/strong>\u00a0 \u00a0 \u00a0 \u00a0 \u00a0 \u00a0 \u00a0 \u00a0 \u00a0 \u00a0 \u00a0 \u00a0 \u00a0 \u00a0<strong>BREST SURF FILM FESTIVAL\u00a0 <\/strong>(+<a href=\"https:\/\/brestsurffilmfestival.com\/\">infos<\/a>)<\/li><li>25 Mai 2025 <strong>LA CIOTAT\u00a0<\/strong>\u00a0 \u00a0 \u00a0 \u00a0 \u00a0 \u00a0 \u00a0 \u00a0 \u00a0 \u00a0 \u00a0 \u00a0 \u00a0 \u00a018h00 <strong>Cin\u00e9ma l&rsquo;eden<\/strong><\/li><li>4 Juillet 2025 <strong>ANTIBES\u00a0 \u00a0 \u00a0 \u00a0 \u00a0 \u00a0 \u00a0 \u00a0 \u00a0 \u00a0 \u00a0 \u00a0 \u00a0 <\/strong>19h <strong>Esplanade du pr\u00e9 des pecheurs<\/strong><\/li><li>19 Juillet 2025 <strong>CASSIS\u00a0 \u00a0 \u00a0 \u00a0 \u00a0 \u00a0 \u00a0 \u00a0 \u00a0 \u00a0 \u00a0 \u00a0 \u00a0 \u00a0Projection en plein air<\/strong><\/li><li>9 Ao\u00fbt 2025 <strong>PAU\u00a0 \u00a0 \u00a0 \u00a0 \u00a0 \u00a0 \u00a0 \u00a0 \u00a0 \u00a0 \u00a0 \u00a0 \u00a0 \u00a0 \u00a0 \u00a0 \u00a0 \u00a0 \u00a0 \u00a0 Cin\u00e9ma le M\u00e9li\u00e8s<\/strong><\/li><li>27 Ao\u00fbt 2025 <strong>ANGLET<\/strong>\u00a0 \u00a0 \u00a0 \u00a0 \u00a0 \u00a0 \u00a0 \u00a0 \u00a0 \u00a0 \u00a0 \u00a0 \u00a0 \u00a0 \u00a0 <a href=\"https:\/\/surf-film.com\/presentation-des-films-2025\/\"><strong>Festival de Surf<\/strong><\/a><\/li><li>25 Sept. 2025 <strong>SOPHIA-ANTIPOLIS<\/strong>\u00a0 \u00a0 \u00a0 \u00a0 \u00a0 20h <a href=\"https:\/\/www.facebook.com\/events\/1310026564103780\"><strong>S&rsquo;Potes<\/strong><\/a> (campus ATMAN)<\/li><\/ul>\t\t\t\t\t\t\t\t<\/div>\n\t\t\t\t<\/div>\n\t\t\t\t<\/div>\n\t\t\t\t<\/div>\n\t\t\t\t\t<\/div>\n\t\t<\/div>\n\t\t\t\t\t\t<\/div>\n\t\t\t\t<\/div>\n\t\t\t\t<\/div>\n\t\t\t\t<\/div>\n\t\t\t\t<\/div>\n\t\t\t\t\t<\/div>\n\t\t\t\t<\/div>\n\t\t\t\t<\/div>\n\t\t","protected":false},"excerpt":{"rendered":"<p>Pr\u00e9sentation du Film Projections T\u00e9l\u00e9charger le dossier de presse Surfer en Me\u0301diterrane\u0301e, c\u2019est accepter un autre rapport au temps.C\u2019est travailler [&hellip;]<\/p>\n","protected":false},"author":1,"featured_media":0,"parent":0,"menu_order":0,"comment_status":"closed","ping_status":"closed","template":"","meta":{"site-sidebar-layout":"no-sidebar","site-content-layout":"","ast-site-content-layout":"full-width-container","site-content-style":"default","site-sidebar-style":"default","ast-global-header-display":"","ast-banner-title-visibility":"","ast-main-header-display":"","ast-hfb-above-header-display":"","ast-hfb-below-header-display":"","ast-hfb-mobile-header-display":"","site-post-title":"disabled","ast-breadcrumbs-content":"","ast-featured-img":"disabled","footer-sml-layout":"","ast-disable-related-posts":"","theme-transparent-header-meta":"","adv-header-id-meta":"","stick-header-meta":"","header-above-stick-meta":"","header-main-stick-meta":"","header-below-stick-meta":"","astra-migrate-meta-layouts":"default","ast-page-background-enabled":"default","ast-page-background-meta":{"desktop":{"background-color":"var(--ast-global-color-4)","background-image":"","background-repeat":"repeat","background-position":"center center","background-size":"auto","background-attachment":"scroll","background-type":"","background-media":"","overlay-type":"","overlay-color":"","overlay-opacity":"","overlay-gradient":""},"tablet":{"background-color":"","background-image":"","background-repeat":"repeat","background-position":"center center","background-size":"auto","background-attachment":"scroll","background-type":"","background-media":"","overlay-type":"","overlay-color":"","overlay-opacity":"","overlay-gradient":""},"mobile":{"background-color":"","background-image":"","background-repeat":"repeat","background-position":"center center","background-size":"auto","background-attachment":"scroll","background-type":"","background-media":"","overlay-type":"","overlay-color":"","overlay-opacity":"","overlay-gradient":""}},"ast-content-background-meta":{"desktop":{"background-color":"var(--ast-global-color-5)","background-image":"","background-repeat":"repeat","background-position":"center center","background-size":"auto","background-attachment":"scroll","background-type":"","background-media":"","overlay-type":"","overlay-color":"","overlay-opacity":"","overlay-gradient":""},"tablet":{"background-color":"var(--ast-global-color-5)","background-image":"","background-repeat":"repeat","background-position":"center center","background-size":"auto","background-attachment":"scroll","background-type":"","background-media":"","overlay-type":"","overlay-color":"","overlay-opacity":"","overlay-gradient":""},"mobile":{"background-color":"var(--ast-global-color-5)","background-image":"","background-repeat":"repeat","background-position":"center center","background-size":"auto","background-attachment":"scroll","background-type":"","background-media":"","overlay-type":"","overlay-color":"","overlay-opacity":"","overlay-gradient":""}},"footnotes":""},"class_list":["post-211","page","type-page","status-publish","hentry"],"_links":{"self":[{"href":"https:\/\/www.labordure.fr\/index.php\/wp-json\/wp\/v2\/pages\/211","targetHints":{"allow":["GET"]}}],"collection":[{"href":"https:\/\/www.labordure.fr\/index.php\/wp-json\/wp\/v2\/pages"}],"about":[{"href":"https:\/\/www.labordure.fr\/index.php\/wp-json\/wp\/v2\/types\/page"}],"author":[{"embeddable":true,"href":"https:\/\/www.labordure.fr\/index.php\/wp-json\/wp\/v2\/users\/1"}],"replies":[{"embeddable":true,"href":"https:\/\/www.labordure.fr\/index.php\/wp-json\/wp\/v2\/comments?post=211"}],"version-history":[{"count":145,"href":"https:\/\/www.labordure.fr\/index.php\/wp-json\/wp\/v2\/pages\/211\/revisions"}],"predecessor-version":[{"id":972,"href":"https:\/\/www.labordure.fr\/index.php\/wp-json\/wp\/v2\/pages\/211\/revisions\/972"}],"wp:attachment":[{"href":"https:\/\/www.labordure.fr\/index.php\/wp-json\/wp\/v2\/media?parent=211"}],"curies":[{"name":"wp","href":"https:\/\/api.w.org\/{rel}","templated":true}]}}