{"id":13,"date":"2024-08-20T16:11:42","date_gmt":"2024-08-20T14:11:42","guid":{"rendered":"https:\/\/www.labordure.fr\/?page_id=13"},"modified":"2025-05-10T13:11:00","modified_gmt":"2025-05-10T11:11:00","slug":"au-depart","status":"publish","type":"page","link":"https:\/\/www.labordure.fr\/index.php\/au-depart\/","title":{"rendered":"Au d\u00e9part"},"content":{"rendered":"\t\t<div data-elementor-type=\"wp-page\" data-elementor-id=\"13\" class=\"elementor elementor-13\" data-elementor-post-type=\"page\">\n\t\t\t\t<div class=\"elementor-element elementor-element-732a5a2 e-con-full e-flex e-con e-parent\" data-id=\"732a5a2\" data-element_type=\"container\" data-e-type=\"container\">\n\t\t<div class=\"elementor-element elementor-element-1757850 e-con-full e-flex e-con e-child\" data-id=\"1757850\" data-element_type=\"container\" data-e-type=\"container\">\n\t\t\t\t<div class=\"elementor-element elementor-element-b53fc34 elementor-widget elementor-widget-heading\" data-id=\"b53fc34\" data-element_type=\"widget\" data-e-type=\"widget\" data-widget_type=\"heading.default\">\n\t\t\t\t<div class=\"elementor-widget-container\">\n\t\t\t\t\t<h2 class=\"elementor-heading-title elementor-size-default\">La Bordure, au d\u00e9part !<\/h2>\t\t\t\t<\/div>\n\t\t\t\t<\/div>\n\t\t\t\t<div class=\"elementor-element elementor-element-c5be070 elementor-widget elementor-widget-text-editor\" data-id=\"c5be070\" data-element_type=\"widget\" data-e-type=\"widget\" data-widget_type=\"text-editor.default\">\n\t\t\t\t<div class=\"elementor-widget-container\">\n\t\t\t\t\t\t\t\t\t<p>Une bordure c\u2019est d\u2019abord un \u00e9ventail que les coureurs cyclistes forment pour s\u2019abriter du vent\u2026 Parfois ils se retrouvent dans la bonne bordure et parfois non ! Notre bordure \u00e0 nous, c\u2019est une association loi 1901 cr\u00e9\u00e9e en 2015, qui r\u00e9alise des documentaires. Nous nous attachons \u00e0 des parcours de vie, des histoires ordinaires et extraordinaires avec le v\u00e9lo en toile de fond.<\/p><p>En 10 ans, nous avons produit des dizaines de documentaires parfois courts, parfois longs, r\u00e9alis\u00e9s par des journalistes exp\u00e9riment\u00e9s b\u00e9n\u00e9voles qui mettent leur \u00e9nergie au service d\u2019une aventure humaine. Cette ann\u00e9e, notre collectif prend un nouveau d\u00e9part.<\/p><p>Nous partons \u00e0 la d\u00e9couverte d\u2019autres sports \u00e0 travers d\u2019autres histoires comme par exemple celle de Thomas, JD, Yann et Christophe qui attendent la vague \u2026 en M\u00e9dit\u00e9rran\u00e9e !<\/p><p>En petit ou en grand comit\u00e9, nous projetons nos films dans des cin\u00e9mas ou des tiers lieux sous forme de soir\u00e9e\/d\u00e9bat\/rencontre. Nos films sont disponibles \u00e9galement sur notre site internet, nos r\u00e9seaux sociaux et certains en DVD.<\/p>\t\t\t\t\t\t\t\t<\/div>\n\t\t\t\t<\/div>\n\t\t\t\t<\/div>\n\t\t<div class=\"elementor-element elementor-element-6cdc76a e-flex e-con-boxed e-con e-child\" data-id=\"6cdc76a\" data-element_type=\"container\" data-e-type=\"container\">\n\t\t\t\t\t<div class=\"e-con-inner\">\n\t\t\t\t<div class=\"elementor-element elementor-element-f9220c6 elementor-widget__width-inherit elementor-widget elementor-widget-image\" data-id=\"f9220c6\" data-element_type=\"widget\" data-e-type=\"widget\" data-widget_type=\"image.default\">\n\t\t\t\t<div class=\"elementor-widget-container\">\n\t\t\t\t\t\t\t\t\t\t\t\t<figure class=\"wp-caption\">\n\t\t\t\t\t\t\t\t\t\t<img loading=\"lazy\" decoding=\"async\" width=\"1440\" height=\"900\" src=\"https:\/\/www.labordure.fr\/wp-content\/uploads\/2024\/08\/cropped-Image_LaBordure_Velo_01.jpg\" class=\"attachment-full size-full wp-image-11\" alt=\"\" srcset=\"https:\/\/www.labordure.fr\/wp-content\/uploads\/2024\/08\/cropped-Image_LaBordure_Velo_01.jpg 1440w, https:\/\/www.labordure.fr\/wp-content\/uploads\/2024\/08\/cropped-Image_LaBordure_Velo_01-300x188.jpg 300w, https:\/\/www.labordure.fr\/wp-content\/uploads\/2024\/08\/cropped-Image_LaBordure_Velo_01-1024x640.jpg 1024w, https:\/\/www.labordure.fr\/wp-content\/uploads\/2024\/08\/cropped-Image_LaBordure_Velo_01-768x480.jpg 768w, https:\/\/www.labordure.fr\/wp-content\/uploads\/2024\/08\/cropped-Image_LaBordure_Velo_01-1240x775.jpg 1240w, https:\/\/www.labordure.fr\/wp-content\/uploads\/2024\/08\/cropped-Image_LaBordure_Velo_01-508x318.jpg 508w\" sizes=\"auto, (max-width: 1440px) 100vw, 1440px\" \/>\t\t\t\t\t\t\t\t\t\t\t<figcaption class=\"widget-image-caption wp-caption-text\">La Bordure, en \u00eatre ... ou pas.<\/figcaption>\n\t\t\t\t\t\t\t\t\t\t<\/figure>\n\t\t\t\t\t\t\t\t\t<\/div>\n\t\t\t\t<\/div>\n\t\t\t\t\t<\/div>\n\t\t\t\t<\/div>\n\t\t\t\t<\/div>\n\t\t\t\t<\/div>\n\t\t","protected":false},"excerpt":{"rendered":"<p>La Bordure, au d\u00e9part ! Une bordure c\u2019est d\u2019abord un \u00e9ventail que les coureurs cyclistes forment pour s\u2019abriter du vent\u2026 [&hellip;]<\/p>\n","protected":false},"author":1,"featured_media":10,"parent":0,"menu_order":0,"comment_status":"closed","ping_status":"closed","template":"","meta":{"site-sidebar-layout":"no-sidebar","site-content-layout":"","ast-site-content-layout":"full-width-container","site-content-style":"default","site-sidebar-style":"default","ast-global-header-display":"","ast-banner-title-visibility":"","ast-main-header-display":"","ast-hfb-above-header-display":"","ast-hfb-below-header-display":"","ast-hfb-mobile-header-display":"","site-post-title":"disabled","ast-breadcrumbs-content":"","ast-featured-img":"disabled","footer-sml-layout":"","ast-disable-related-posts":"","theme-transparent-header-meta":"","adv-header-id-meta":"","stick-header-meta":"","header-above-stick-meta":"","header-main-stick-meta":"","header-below-stick-meta":"","astra-migrate-meta-layouts":"default","ast-page-background-enabled":"default","ast-page-background-meta":{"desktop":{"background-color":"var(--ast-global-color-4)","background-image":"","background-repeat":"repeat","background-position":"center center","background-size":"auto","background-attachment":"scroll","background-type":"","background-media":"","overlay-type":"","overlay-color":"","overlay-opacity":"","overlay-gradient":""},"tablet":{"background-color":"","background-image":"","background-repeat":"repeat","background-position":"center center","background-size":"auto","background-attachment":"scroll","background-type":"","background-media":"","overlay-type":"","overlay-color":"","overlay-opacity":"","overlay-gradient":""},"mobile":{"background-color":"","background-image":"","background-repeat":"repeat","background-position":"center center","background-size":"auto","background-attachment":"scroll","background-type":"","background-media":"","overlay-type":"","overlay-color":"","overlay-opacity":"","overlay-gradient":""}},"ast-content-background-meta":{"desktop":{"background-color":"var(--ast-global-color-5)","background-image":"","background-repeat":"repeat","background-position":"center center","background-size":"auto","background-attachment":"scroll","background-type":"","background-media":"","overlay-type":"","overlay-color":"","overlay-opacity":"","overlay-gradient":""},"tablet":{"background-color":"var(--ast-global-color-5)","background-image":"","background-repeat":"repeat","background-position":"center center","background-size":"auto","background-attachment":"scroll","background-type":"","background-media":"","overlay-type":"","overlay-color":"","overlay-opacity":"","overlay-gradient":""},"mobile":{"background-color":"var(--ast-global-color-5)","background-image":"","background-repeat":"repeat","background-position":"center center","background-size":"auto","background-attachment":"scroll","background-type":"","background-media":"","overlay-type":"","overlay-color":"","overlay-opacity":"","overlay-gradient":""}},"footnotes":""},"class_list":["post-13","page","type-page","status-publish","has-post-thumbnail","hentry"],"_links":{"self":[{"href":"https:\/\/www.labordure.fr\/index.php\/wp-json\/wp\/v2\/pages\/13","targetHints":{"allow":["GET"]}}],"collection":[{"href":"https:\/\/www.labordure.fr\/index.php\/wp-json\/wp\/v2\/pages"}],"about":[{"href":"https:\/\/www.labordure.fr\/index.php\/wp-json\/wp\/v2\/types\/page"}],"author":[{"embeddable":true,"href":"https:\/\/www.labordure.fr\/index.php\/wp-json\/wp\/v2\/users\/1"}],"replies":[{"embeddable":true,"href":"https:\/\/www.labordure.fr\/index.php\/wp-json\/wp\/v2\/comments?post=13"}],"version-history":[{"count":118,"href":"https:\/\/www.labordure.fr\/index.php\/wp-json\/wp\/v2\/pages\/13\/revisions"}],"predecessor-version":[{"id":943,"href":"https:\/\/www.labordure.fr\/index.php\/wp-json\/wp\/v2\/pages\/13\/revisions\/943"}],"wp:featuredmedia":[{"embeddable":true,"href":"https:\/\/www.labordure.fr\/index.php\/wp-json\/wp\/v2\/media\/10"}],"wp:attachment":[{"href":"https:\/\/www.labordure.fr\/index.php\/wp-json\/wp\/v2\/media?parent=13"}],"curies":[{"name":"wp","href":"https:\/\/api.w.org\/{rel}","templated":true}]}}